{"id":2310,"date":"2015-02-03T12:42:35","date_gmt":"2015-02-03T11:42:35","guid":{"rendered":"https:\/\/www.kairostudio.it\/it\/?page_id=2310"},"modified":"2022-03-28T10:23:25","modified_gmt":"2022-03-28T08:23:25","slug":"privacy-policy","status":"publish","type":"page","link":"https:\/\/www.kairostudio.it\/it\/privacy-policy\/","title":{"rendered":"Privacy policy"},"content":{"rendered":"<h2 style=\"text-align: center;\"><strong>Informativa per trattamento di dati personali<\/strong><\/h2>\n<p style=\"text-align: center;\"><strong>ai sensi e per gli effetti di cui all\u2019articolo 13, D. Lgs. 30 giugno 2003 n. 196<\/strong><\/p>\n<p>A seguito della consultazione di questo sito possono essere trattati dati relativi a persone identificate o identificabili.<\/p>\n<p>In osservanza di quanto previsto dal D. Lgs. 30 giugno 2003 n. 196, siamo a fornire la dovute informazioni in ordine alle finalit\u00e0 e modalit\u00e0 del trattamento dei dati personali, nonch\u00e9 l\u2019ambito di comunicazione e diffusione degli stessi, alla natura dei dati in nostro possesso e del loro conferimento.<\/p>\n<p><strong>Il &#8220;titolare&#8221; del loro trattamento<\/strong><\/p>\n<p>\u00e8 KAIROSTUDIO SRL, che ha sede in via Ravenna, 61 &#8211; 47521 Cesena (FC)<\/p>\n<p><strong>Finalit\u00e0 del trattamento<\/strong><\/p>\n<p><strong>Dati di navigazione<\/strong> &#8211; I trattamenti connessi ai servizi web di questo sito hanno luogo presso la predetta sede di KAIROSTUDIO e sono curati solo da personale incaricato del trattamento, oppure da eventuali incaricati di occasionali operazioni di manutenzione. Nessun dato derivante dal servizio web viene comunicato o diffuso. I dati personali forniti dagli utenti che inoltrano richieste di servizi sono utilizzati al solo fine di eseguire il servizio o la prestazione richiesta e sono comunicati a terzi nel solo caso in cui ci\u00f2 sia a tal fine necessario.<\/p>\n<p><strong>Dati anagrafici e personali<\/strong>, sono trattati per finalit\u00e0 connesse alla gestione degli ordinari rapporti commerciali e precisamente per la compilazione di liste anagrafiche, la tenuta della contabilit\u00e0 clienti\/fornitori, la fatturazione, la gestione del creditore per la soddisfazione di tutti gli obblighi previsti dalle normative vigenti. Tali dati, inoltre, possono essere trattati per finalit\u00e0 interne di statistica e di ricerca di mercato, promozione ed informazione e per la gestione del servizio d\u2019assistenza tecnica post-vendita.<\/p>\n<p><strong>Modalit\u00e0 del trattamento<\/strong><\/p>\n<p>I dato sono trattati con l&#8217;ausilio dei moderni sistemi informatici e cartacei nel rispetto delle misure idonee previste dalla legge e ad opera di soggetti di ci\u00f2 appositamente incaricati.<\/p>\n<p><strong>Dati di navigazione<\/strong> &#8211; I sistemi informatici e le procedure software preposte al funzionamento di questo sito web acquisiscono, nel corso del loro normale esercizio, alcuni dati personali la cui trasmissione \u00e8 implicita nell&#8217;uso dei protocolli di comunicazione di Internet. Si tratta di informazioni che non sono raccolte per essere associate a interessati identificati, ma che per loro stessa natura potrebbero, attraverso elaborazioni ed associazioni con dati detenuti da terzi, permettere di identificare gli utenti. In questa categoria di dati rientrano gli indirizzi IP o i nomi a dominio dei computer utilizzati dagli utenti che si connettono al sito, gli indirizzi in notazione URI (Uniform Resource Identifier) delle risorse richieste, l&#8217;orario della richiesta, il metodo utilizzato nel sottoporre la richiesta al server, la dimensione del file ottenuto in risposta, il codice numerico indicante lo stato della risposta data dal server (buon fine, errore, ecc.) ed altri parametri relativi al sistema operativo e all&#8217;ambiente informatico dell&#8217;utente. Questi dati vengono utilizzati al solo fine di ricavare informazioni statistiche anonime sull&#8217;uso del sito e per controllarne il corretto funzionamento e vengono cancellati immediatamente dopo l&#8217;elaborazione. I dati potrebbero essere utilizzati per l&#8217;accertamento di responsabilit\u00e0 in caso di ipotetici reati informatici ai danni del sito.<\/p>\n<p><strong>Dati forniti volontariamente dall&#8217;utente<\/strong> &#8211; L&#8217;invio facoltativo, esplicito e volontario di posta elettronica agli indirizzi indicati su questo sito comporta la successiva acquisizione dell&#8217;indirizzo del mittente, necessario per rispondere alle richieste, nonch\u00e9 degli eventuali altri dati personali inseriti nella missiva. Specifiche informative di sintesi verranno progressivamente riportate o visualizzate nelle pagine del sito predisposte per particolari servizi a richiesta.<\/p>\n<p><strong>Cookies<\/strong> &#8211; Nessun dato personale degli utenti viene in proposito acquisito dal sito. Non viene fatto uso di cookies per la trasmissione di informazioni di carattere personale, n\u00e9 vengono utilizzati c.d. cookies persistenti di alcun tipo, ovvero sistemi per il tracciamento degli utenti. L&#8217;uso di c.d. cookies di sessione (che non vengono memorizzati in modo persistente sul computer dell&#8217;utente e svaniscono con la chiusura del browser) \u00e8 strettamente limitato alla trasmissione di identificativi di sessione (costituiti da numeri casuali generati dal server) necessari per consentire l&#8217;esplorazione sicura ed efficiente del sito. I c.d. cookies di sessione utilizzati in questo sito evitano il ricorso ad altre tecniche informatiche potenzialmente pregiudizievoli per la riservatezza della navigazione degli utenti e non consentono l&#8217;acquisizione di dati personali identificativi dell&#8217;utente.<\/p>\n<p><strong>Ambito di comunicazione e diffusione<\/strong><\/p>\n<p>I dati, oggetto del trattamento, possono essere in seguito comunicati solo per l\u2019adempimento degli obblighi contabili riguardanti i pagamenti e gli incassi presso istituti di credito a ci\u00f2 autorizzati.<\/p>\n<p>I dati personali non sono e non saranno comunicati a terzi e neppure oggetto di diffusione.<\/p>\n<p><strong>Natura del conferimento<\/strong><\/p>\n<p>Il conferimento dei dati \u00e8 obbligatorio in quanto necessario per l&#8217;assolvimento di obblighi contrattuali, contabili e fiscali. Il titolare rende noto, inoltre, che l&#8217;eventuale mancata comunicazione, o comunicazione errata, di una delle informazioni obbligatorie, ha come conseguenze emergenti l\u2019impossibilit\u00e0 del titolare di garantire la congruit\u00e0 del trattamento stesso ai patti contrattuali per cui esso sia eseguito e la possibile mancata corrispondenza dei risultati del trattamento stesso agli obblighi imposti dalla normativa fiscale, amministrativa o del lavoro cui esso \u00e8 indirizzato.<\/p>\n<p><strong>Facoltativit\u00e0 del conferimento dei dati<\/strong><\/p>\n<p>A parte quanto specificato per i dati di navigazione, l&#8217;utente \u00e8 libero di fornire i dati personali riportati nei moduli di richiesta per richiedere un preventivo, o l&#8217;invio di materiale informativo o di altre comunicazioni. Si evidenzia peraltro che il loro mancato conferimento pu\u00f2 comportare l&#8217;impossibilit\u00e0 di ottenere quanto richiesto.<\/p>\n<p><strong>Diritti degli interessati<\/strong><\/p>\n<p>I soggetti, cui si riferiscono i dati personali, possono far valere i propri diritti come dall&#8217;artt. 7, 8, 9 e 10 del D. Lgs. 30 giugno 2003 n. 19, rivolgendosi al titolare del trattamento:<\/p>\n<p><strong>KAIROSTUDIO SRL<\/strong><br \/>\n<strong> via Ravenna, 61 &#8211; 47521 Cesena (FC)<\/strong><br \/>\n<strong> Tel. 0547.1901673<\/strong><br \/>\ninfo@kairostudio.it<\/p>\n<p><strong>Articolo 7. Diritto di accesso ai dati personali ed altri diritti<\/strong>.1.L&#8217;interessato ha diritto di ottenere la conferma dell&#8217;esistenza o meno di dati personali che lo riguardano, anche se non ancora registrati, e la loro comunicazione in forma intelligibile. 2. L&#8217;interessato ha diritto di ottenere l&#8217;indicazione: a) dell&#8217;origine dei dati personali; b) delle finalit\u00e0 e modalit\u00e0 del trattamento; c) della logica applicata in caso di trattamento effettuato con l&#8217;ausilio di strumenti elettronici; d) degli estremi identificativi del titolare, dei responsabili e del rappresentante designato ai sensi dell&#8217;articolo 5, comma 2; e) dei soggetti o delle categorie di soggetti ai quali i dati personali possono essere comunicati o che possono venirne a conoscenza in qualit\u00e0 di rappresentante designato nel territorio dello Stato, di responsabili o incaricati. 3. L&#8217;interessato ha diritto di ottenere: a) l&#8217;aggiornamento, la rettificazione ovvero, quando vi ha interesse, l&#8217;integrazione dei dati; b) la cancellazione, la trasformazione in forma anonima o il blocco dei dati trattati in violazione di legge, compresi quelli di cui non \u00e8 necessaria la conservazione in relazione agli scopi per i quali i dati sono stati raccolti o successivamente trattati; c) l&#8217;attestazione che le operazioni di cui alle lettere a) e b) sono state portate a conoscenza, anche per quanto riguarda il loro contenuto, di coloro ai quali i dati sono stati comunicati o diffusi, eccettuato il caso in cui tale adempimento si rivela impossibile o comporta un impiego di mezzi manifestamente sproporzionato rispetto al diritto tutelato. 4. L&#8217;interessato ha diritto di opporsi, in tutto o in parte: a) per motivi legittimi al trattamento dei dati personali che lo riguardano, ancorch\u00e9 pertinenti allo scopo della raccolta; b) al trattamento di dati personali che lo riguardano a fini di invio di materiale pubblicitario o di vendita diretta o per il compimento di ricerche di mercato o di comunicazione commerciale.<\/p>\n","protected":false},"excerpt":{"rendered":"<p>Informativa per trattamento di dati personali ai sensi e per gli effetti di cui all\u2019articolo 13, D. Lgs. 30 giugno 2003 n. 196 A seguito della consultazione di questo sito possono essere trattati dati relativi a persone identificate o identificabili. In osservanza di quanto previsto dal D. Lgs. 30 giugno 2003 n. 196, siamo a fornire la dovute informazioni in ordine alle finalit\u00e0 e modalit\u00e0 del trattamento dei dati personali, nonch\u00e9 l\u2019ambito di comunicazione e diffusione degli stessi, alla natura dei dati in nostro possesso e del loro conferimento. Il &#8220;titolare&#8221; del loro trattamento \u00e8 KAIROSTUDIO SRL, che ha sede [&hellip;]<\/p>\n","protected":false},"author":2,"featured_media":1981,"parent":0,"menu_order":0,"comment_status":"closed","ping_status":"closed","template":"","meta":{"_acf_changed":false,"footnotes":""},"class_list":["post-2310","page","type-page","status-publish","has-post-thumbnail","hentry"],"acf":[],"yoast_head":"<!-- This site is optimized with the Yoast SEO plugin v27.5 - https:\/\/yoast.com\/product\/yoast-seo-wordpress\/ -->\n<title>Privacy policy - Kairostudio IT<\/title>\n<meta name=\"robots\" content=\"index, follow, max-snippet:-1, max-image-preview:large, max-video-preview:-1\" \/>\n<link rel=\"canonical\" href=\"https:\/\/www.kairostudio.it\/it\/privacy-policy\/\" \/>\n<meta property=\"og:locale\" content=\"it_IT\" \/>\n<meta property=\"og:type\" content=\"article\" \/>\n<meta property=\"og:title\" content=\"Privacy policy - Kairostudio IT\" \/>\n<meta property=\"og:description\" content=\"Informativa per trattamento di dati personali ai sensi e per gli effetti di cui all\u2019articolo 13, D. Lgs. 30 giugno 2003 n. 196 A seguito della consultazione di questo sito possono essere trattati dati relativi a persone identificate o identificabili. In osservanza di quanto previsto dal D. Lgs. 30 giugno 2003 n. 196, siamo a fornire la dovute informazioni in ordine alle finalit\u00e0 e modalit\u00e0 del trattamento dei dati personali, nonch\u00e9 l\u2019ambito di comunicazione e diffusione degli stessi, alla natura dei dati in nostro possesso e del loro conferimento. Il &#8220;titolare&#8221; del loro trattamento \u00e8 KAIROSTUDIO SRL, che ha sede [&hellip;]\" \/>\n<meta property=\"og:url\" content=\"https:\/\/www.kairostudio.it\/it\/privacy-policy\/\" \/>\n<meta property=\"og:site_name\" content=\"Kairostudio IT\" \/>\n<meta property=\"article:publisher\" content=\"https:\/\/www.facebook.com\/kairostudio\" \/>\n<meta property=\"article:modified_time\" content=\"2022-03-28T08:23:25+00:00\" \/>\n<meta property=\"og:image\" content=\"https:\/\/www.kairostudio.it\/it\/wp-content\/uploads\/sites\/2\/2014\/10\/CHISIAMO_evidenzaok.jpg\" \/>\n\t<meta property=\"og:image:width\" content=\"1400\" \/>\n\t<meta property=\"og:image:height\" content=\"678\" \/>\n\t<meta property=\"og:image:type\" content=\"image\/jpeg\" \/>\n<meta name=\"twitter:label1\" content=\"Tempo di lettura stimato\" \/>\n\t<meta name=\"twitter:data1\" content=\"7 minuti\" \/>\n<script type=\"application\/ld+json\" class=\"yoast-schema-graph\">{\"@context\":\"https:\\\/\\\/schema.org\",\"@graph\":[{\"@type\":\"WebPage\",\"@id\":\"https:\\\/\\\/www.kairostudio.it\\\/it\\\/privacy-policy\\\/\",\"url\":\"https:\\\/\\\/www.kairostudio.it\\\/it\\\/privacy-policy\\\/\",\"name\":\"Privacy policy - Kairostudio IT\",\"isPartOf\":{\"@id\":\"https:\\\/\\\/www.kairostudio.it\\\/it\\\/#website\"},\"primaryImageOfPage\":{\"@id\":\"https:\\\/\\\/www.kairostudio.it\\\/it\\\/privacy-policy\\\/#primaryimage\"},\"image\":{\"@id\":\"https:\\\/\\\/www.kairostudio.it\\\/it\\\/privacy-policy\\\/#primaryimage\"},\"thumbnailUrl\":\"https:\\\/\\\/www.kairostudio.it\\\/it\\\/wp-content\\\/uploads\\\/sites\\\/2\\\/2014\\\/10\\\/CHISIAMO_evidenzaok.jpg\",\"datePublished\":\"2015-02-03T11:42:35+00:00\",\"dateModified\":\"2022-03-28T08:23:25+00:00\",\"breadcrumb\":{\"@id\":\"https:\\\/\\\/www.kairostudio.it\\\/it\\\/privacy-policy\\\/#breadcrumb\"},\"inLanguage\":\"it-IT\",\"potentialAction\":[{\"@type\":\"ReadAction\",\"target\":[\"https:\\\/\\\/www.kairostudio.it\\\/it\\\/privacy-policy\\\/\"]}]},{\"@type\":\"ImageObject\",\"inLanguage\":\"it-IT\",\"@id\":\"https:\\\/\\\/www.kairostudio.it\\\/it\\\/privacy-policy\\\/#primaryimage\",\"url\":\"https:\\\/\\\/www.kairostudio.it\\\/it\\\/wp-content\\\/uploads\\\/sites\\\/2\\\/2014\\\/10\\\/CHISIAMO_evidenzaok.jpg\",\"contentUrl\":\"https:\\\/\\\/www.kairostudio.it\\\/it\\\/wp-content\\\/uploads\\\/sites\\\/2\\\/2014\\\/10\\\/CHISIAMO_evidenzaok.jpg\",\"width\":1400,\"height\":678},{\"@type\":\"BreadcrumbList\",\"@id\":\"https:\\\/\\\/www.kairostudio.it\\\/it\\\/privacy-policy\\\/#breadcrumb\",\"itemListElement\":[{\"@type\":\"ListItem\",\"position\":1,\"name\":\"Home\",\"item\":\"https:\\\/\\\/www.kairostudio.it\\\/it\\\/\"},{\"@type\":\"ListItem\",\"position\":2,\"name\":\"Privacy policy\"}]},{\"@type\":\"WebSite\",\"@id\":\"https:\\\/\\\/www.kairostudio.it\\\/it\\\/#website\",\"url\":\"https:\\\/\\\/www.kairostudio.it\\\/it\\\/\",\"name\":\"Kairostudio IT\",\"description\":\"Just another Kairostudio Sites site\",\"publisher\":{\"@id\":\"https:\\\/\\\/www.kairostudio.it\\\/it\\\/#organization\"},\"potentialAction\":[{\"@type\":\"SearchAction\",\"target\":{\"@type\":\"EntryPoint\",\"urlTemplate\":\"https:\\\/\\\/www.kairostudio.it\\\/it\\\/?s={search_term_string}\"},\"query-input\":{\"@type\":\"PropertyValueSpecification\",\"valueRequired\":true,\"valueName\":\"search_term_string\"}}],\"inLanguage\":\"it-IT\"},{\"@type\":\"Organization\",\"@id\":\"https:\\\/\\\/www.kairostudio.it\\\/it\\\/#organization\",\"name\":\"Kairos Studio\",\"url\":\"https:\\\/\\\/www.kairostudio.it\\\/it\\\/\",\"logo\":{\"@type\":\"ImageObject\",\"inLanguage\":\"it-IT\",\"@id\":\"https:\\\/\\\/www.kairostudio.it\\\/it\\\/#\\\/schema\\\/logo\\\/image\\\/\",\"url\":\"https:\\\/\\\/www.kairostudio.it\\\/it\\\/wp-content\\\/uploads\\\/sites\\\/2\\\/2017\\\/01\\\/logo_kairos_color_ORIZZ.jpg\",\"contentUrl\":\"https:\\\/\\\/www.kairostudio.it\\\/it\\\/wp-content\\\/uploads\\\/sites\\\/2\\\/2017\\\/01\\\/logo_kairos_color_ORIZZ.jpg\",\"width\":1359,\"height\":692,\"caption\":\"Kairos Studio\"},\"image\":{\"@id\":\"https:\\\/\\\/www.kairostudio.it\\\/it\\\/#\\\/schema\\\/logo\\\/image\\\/\"},\"sameAs\":[\"https:\\\/\\\/www.facebook.com\\\/kairostudio\",\"https:\\\/\\\/x.com\\\/kairoshands\",\"https:\\\/\\\/www.youtube.com\\\/user\\\/TheKairostudio\"]}]}<\/script>\n<!-- \/ Yoast SEO plugin. -->","yoast_head_json":{"title":"Privacy policy - Kairostudio IT","robots":{"index":"index","follow":"follow","max-snippet":"max-snippet:-1","max-image-preview":"max-image-preview:large","max-video-preview":"max-video-preview:-1"},"canonical":"https:\/\/www.kairostudio.it\/it\/privacy-policy\/","og_locale":"it_IT","og_type":"article","og_title":"Privacy policy - Kairostudio IT","og_description":"Informativa per trattamento di dati personali ai sensi e per gli effetti di cui all\u2019articolo 13, D. Lgs. 30 giugno 2003 n. 196 A seguito della consultazione di questo sito possono essere trattati dati relativi a persone identificate o identificabili. In osservanza di quanto previsto dal D. Lgs. 30 giugno 2003 n. 196, siamo a fornire la dovute informazioni in ordine alle finalit\u00e0 e modalit\u00e0 del trattamento dei dati personali, nonch\u00e9 l\u2019ambito di comunicazione e diffusione degli stessi, alla natura dei dati in nostro possesso e del loro conferimento. Il &#8220;titolare&#8221; del loro trattamento \u00e8 KAIROSTUDIO SRL, che ha sede [&hellip;]","og_url":"https:\/\/www.kairostudio.it\/it\/privacy-policy\/","og_site_name":"Kairostudio IT","article_publisher":"https:\/\/www.facebook.com\/kairostudio","article_modified_time":"2022-03-28T08:23:25+00:00","og_image":[{"width":1400,"height":678,"url":"https:\/\/www.kairostudio.it\/it\/wp-content\/uploads\/sites\/2\/2014\/10\/CHISIAMO_evidenzaok.jpg","type":"image\/jpeg"}],"twitter_misc":{"Tempo di lettura stimato":"7 minuti"},"schema":{"@context":"https:\/\/schema.org","@graph":[{"@type":"WebPage","@id":"https:\/\/www.kairostudio.it\/it\/privacy-policy\/","url":"https:\/\/www.kairostudio.it\/it\/privacy-policy\/","name":"Privacy policy - Kairostudio IT","isPartOf":{"@id":"https:\/\/www.kairostudio.it\/it\/#website"},"primaryImageOfPage":{"@id":"https:\/\/www.kairostudio.it\/it\/privacy-policy\/#primaryimage"},"image":{"@id":"https:\/\/www.kairostudio.it\/it\/privacy-policy\/#primaryimage"},"thumbnailUrl":"https:\/\/www.kairostudio.it\/it\/wp-content\/uploads\/sites\/2\/2014\/10\/CHISIAMO_evidenzaok.jpg","datePublished":"2015-02-03T11:42:35+00:00","dateModified":"2022-03-28T08:23:25+00:00","breadcrumb":{"@id":"https:\/\/www.kairostudio.it\/it\/privacy-policy\/#breadcrumb"},"inLanguage":"it-IT","potentialAction":[{"@type":"ReadAction","target":["https:\/\/www.kairostudio.it\/it\/privacy-policy\/"]}]},{"@type":"ImageObject","inLanguage":"it-IT","@id":"https:\/\/www.kairostudio.it\/it\/privacy-policy\/#primaryimage","url":"https:\/\/www.kairostudio.it\/it\/wp-content\/uploads\/sites\/2\/2014\/10\/CHISIAMO_evidenzaok.jpg","contentUrl":"https:\/\/www.kairostudio.it\/it\/wp-content\/uploads\/sites\/2\/2014\/10\/CHISIAMO_evidenzaok.jpg","width":1400,"height":678},{"@type":"BreadcrumbList","@id":"https:\/\/www.kairostudio.it\/it\/privacy-policy\/#breadcrumb","itemListElement":[{"@type":"ListItem","position":1,"name":"Home","item":"https:\/\/www.kairostudio.it\/it\/"},{"@type":"ListItem","position":2,"name":"Privacy policy"}]},{"@type":"WebSite","@id":"https:\/\/www.kairostudio.it\/it\/#website","url":"https:\/\/www.kairostudio.it\/it\/","name":"Kairostudio IT","description":"Just another Kairostudio Sites site","publisher":{"@id":"https:\/\/www.kairostudio.it\/it\/#organization"},"potentialAction":[{"@type":"SearchAction","target":{"@type":"EntryPoint","urlTemplate":"https:\/\/www.kairostudio.it\/it\/?s={search_term_string}"},"query-input":{"@type":"PropertyValueSpecification","valueRequired":true,"valueName":"search_term_string"}}],"inLanguage":"it-IT"},{"@type":"Organization","@id":"https:\/\/www.kairostudio.it\/it\/#organization","name":"Kairos Studio","url":"https:\/\/www.kairostudio.it\/it\/","logo":{"@type":"ImageObject","inLanguage":"it-IT","@id":"https:\/\/www.kairostudio.it\/it\/#\/schema\/logo\/image\/","url":"https:\/\/www.kairostudio.it\/it\/wp-content\/uploads\/sites\/2\/2017\/01\/logo_kairos_color_ORIZZ.jpg","contentUrl":"https:\/\/www.kairostudio.it\/it\/wp-content\/uploads\/sites\/2\/2017\/01\/logo_kairos_color_ORIZZ.jpg","width":1359,"height":692,"caption":"Kairos Studio"},"image":{"@id":"https:\/\/www.kairostudio.it\/it\/#\/schema\/logo\/image\/"},"sameAs":["https:\/\/www.facebook.com\/kairostudio","https:\/\/x.com\/kairoshands","https:\/\/www.youtube.com\/user\/TheKairostudio"]}]}},"_links":{"self":[{"href":"https:\/\/www.kairostudio.it\/it\/wp-json\/wp\/v2\/pages\/2310","targetHints":{"allow":["GET"]}}],"collection":[{"href":"https:\/\/www.kairostudio.it\/it\/wp-json\/wp\/v2\/pages"}],"about":[{"href":"https:\/\/www.kairostudio.it\/it\/wp-json\/wp\/v2\/types\/page"}],"author":[{"embeddable":true,"href":"https:\/\/www.kairostudio.it\/it\/wp-json\/wp\/v2\/users\/2"}],"replies":[{"embeddable":true,"href":"https:\/\/www.kairostudio.it\/it\/wp-json\/wp\/v2\/comments?post=2310"}],"version-history":[{"count":2,"href":"https:\/\/www.kairostudio.it\/it\/wp-json\/wp\/v2\/pages\/2310\/revisions"}],"predecessor-version":[{"id":2662,"href":"https:\/\/www.kairostudio.it\/it\/wp-json\/wp\/v2\/pages\/2310\/revisions\/2662"}],"wp:featuredmedia":[{"embeddable":true,"href":"https:\/\/www.kairostudio.it\/it\/wp-json\/wp\/v2\/media\/1981"}],"wp:attachment":[{"href":"https:\/\/www.kairostudio.it\/it\/wp-json\/wp\/v2\/media?parent=2310"}],"curies":[{"name":"wp","href":"https:\/\/api.w.org\/{rel}","templated":true}]}}